{"id":4,"date":"2026-04-11T23:14:23","date_gmt":"2026-04-11T21:14:23","guid":{"rendered":"https:\/\/koeln-website.ddev.site\/?page_id=4"},"modified":"2026-04-11T23:27:42","modified_gmt":"2026-04-11T21:27:42","slug":"willkommen-in-koeln","status":"publish","type":"page","link":"https:\/\/koeln-website.jjaramillo.i-gelb.dev\/","title":{"rendered":"Willkommen in K\u00f6ln"},"content":{"rendered":"\n<h1 class=\"wp-block-heading\">Willkommen in K\u00f6ln<\/h1>\n\n\n<style id=\"sp_lw_dynamic_css8\">#splw-location-weather-8.splw-main-wrapper {max-width: 320px;margin : auto;margin-bottom: 2em;}#splw-location-weather-8.splw-main-wrapper.horizontal {max-width: 800px;}#splw-location-weather-8 .splw-lite-wrapper,#splw-location-weather-8 .splw-forecast-weather select,#splw-location-weather-8 .splw-forecast-weather option,#splw-location-weather-8 .splw-lite-wrapper .splw-weather-attribution a{text-decoration: none;}#splw-location-weather-8 .splw-lite-templates-body,#splw-location-weather-8 .splw-adv-forecast-days{padding : 16px 20px 10px 20px;}#splw-location-weather-8 .splw-weather-detailed-updated-time{padding : 0 20px 10px 20px;}#splw-location-weather-8 .splw-lite-wrapper{ border: ;}#splw-location-weather-8 .splw-lite-wrapper .splw-lite-current-temp .splw-weather-icon{width: 58px;}#splw-location-weather-8 .splw-adv-forecast-days{padding-top : 0;color : #fff;margin-top : 0px;margin-bottom : 0px;}#splw-location-weather-8 .splw-lite-templates-body{padding-bottom : 0;}#splw-location-weather-8 .splw-lite-wrapper{border-radius: 8px;}#splw-location-weather-8 .splw-lite-daily-weather-details .details-icon i{color:#fff;}#splw-location-weather-8 .splw-lite-wrapper,#splw-location-weather-8 .splw-forecast-weather option{background:#c0392b}#splw-location-weather-8 .splw-lite-daily-weather-details.lw-center .splw-other-opt{text-align: center;}#splw-location-weather-8 .splw-weather-title{color: #444;margin-top: 0px;margin-bottom: 20px;}#splw-location-weather-8 .splw-lite-header-title{color: #fff;margin-top: 0px;margin-bottom: 10px;}#splw-location-weather-8 .splw-lite-current-time{color: #fff;margin-top: 0px;margin-bottom: 10px;}#splw-location-weather-8 .splw-cur-temp{color: #fff;margin-top: 0px;margin-bottom: 0px;}#splw-location-weather-8 .splw-lite-desc{color: #fff;margin-top: 20px;margin-bottom: 0px;}#splw-location-weather-8 .splw-lite-daily-weather-details{color: #fff;margin-top: 16px;margin-bottom: 0px;}#splw-location-weather-8 .splw-weather-details .splw-weather-icons {color: #fff;margin-top: 20px;margin-bottom: 0px;}#splw-location-weather-8 .lw-footer{margin-top: 0px;margin-bottom: 0px;}#splw-location-weather-8 .splw-weather-attribution a,#splw-location-weather-8 .splw-weather-attribution,#splw-location-weather-8 .splw-weather-detailed-updated-time a,#splw-location-weather-8 .splw-weather-updated-time{color: #fff;}#splw-location-weather-8.splw-main-wrapper {position: relative;}#lw-preloader-8{position: absolute;left: 0;top: 0;height: 100%;width: 100%;text-align: center;display: flex;align-items: center;justify-content: center;background: #fff;z-index: 9999;}<\/style><div id=\"splw-location-weather-8\" class=\"splw-main-wrapper vertical\" data-shortcode-id=\"8\">\n\t\t<div id=\"lw-preloader-8\" class=\"lw-preloader\">\n\t\t\t<img loading=\"lazy\" decoding=\"async\" src=\"https:\/\/koeln-website.jjaramillo.i-gelb.dev\/wp-content\/plugins\/location-weather\/assets\/images\/spinner.svg\" class=\"skip-lazy\"  alt=\"loader-image\" width=\"50\" height=\"50\"\/>\n\t\t<\/div>\n\t\t\t<!-- section title html area start -->\n\t<div class=\"splw-weather-title\">\n\t\tWetter K\u00f6ln\t<\/div>\n<!-- section area end -->\n\t<div class=\"splw-lite-wrapper lw-preloader-wrapper\">\n\t\t<div class=\"splw-lite-templates-body\">\n\t\t\t<div class=\"splw-lite-header\">\n\t<div class=\"splw-lite-header-title-wrapper\">\n\t\t\t\t<div class=\"splw-lite-header-title\">\n\t\t\tCologne, DE\t\t<\/div>\n\t\t<!-- area end -->\n\t\t<!-- Current Date Time area start -->\n\t\t\t\t\t<div class=\"splw-lite-current-time\">\n\t\t\t\t\t\t\t\t<span class=\"lw-time\">2:07 p.m.,  <\/span>\n\t\t\t\t<!-- time area end -->\n\t\t\t\t\t\t\t\t<span class=\"lw-date\">April 12, 2026<\/span>\n\t\t\t\t<!-- date area end -->\n\t\t\t<\/div>\n\t\t<!-- date time area end -->\n\t<\/div>\n<\/div>\n<!-- full area end -->\n<div class=\"splw-lite-current-temp\">\n\t<div class=\"splw-cur-temp\">\n\t\t<!-- weather icon html area start -->\n\t\t\t\t\t<img loading=\"lazy\" decoding=\"async\" src=\"https:\/\/koeln-website.jjaramillo.i-gelb.dev\/wp-content\/plugins\/location-weather\/assets\/images\/icons\/weather-icons\/01d.svg\" class=\"splw-weather-icon\" alt=\"temperature icon\" width=\"58\" height=\"58\">\n\t\t<!-- weather icon html area end -->\n\t\t<!-- weather current temperature html area start -->\n\t\t\t\t\t<span class=\"cur-temp\"> \n\t\t\t\t<span class=\"current-temperature\">13<\/span><span class=\"temperature-scale\">\u00b0C<\/span>\t\t\t<\/span>\n\t\t<!-- temperature html area end -->\n\t<\/div>\n<\/div>\n\t<div class=\"splw-lite-desc\">\n\t\tclear sky\t<\/div>\n<div\n\tclass=\"splw-lite-daily-weather-details  lw-center \">\n\t<div class=\"splw-weather-details splw-other-opt\">\n\t\t\t<div class=\"splw-weather-icons icons_splw\">\n\t\t\t\t\t<!-- humidity area start -->\n\t\t\t\t\t\t<div class=\"splw-icon-humidity\">\n\t\t\t\t<span class=\"lw-title-wrapper\">\n\t\t\t\t\t<span class=\"details-icon\" title=\"Humidity\"><i class=\"splwp-icon-humidity-1\"><\/i><\/span>\t\t\t\t\t<span class=\"options-title\"><\/span>\n\t\t\t\t<\/span>\n\t\t\t\t<span class=\"options-value\">\n\t\t\t\t\t60 %\t\t\t\t<\/span>\n\t\t\t<\/div>\n\t\t\t\t\t\t<!-- humidity area end -->\n\t\t\t<!-- pressure area start -->\n\t\t\t\t\t\t<div class=\"splw-icon-pressure\">\n\t\t\t\t<span class=\"lw-title-wrapper\">\n\t\t\t\t\t<span class=\"details-icon\" title=\"Pressure\"><i class=\"splwp-icon-pressure-1\"><\/i><\/span>\t\t\t\t\t<span class=\"options-title\"><\/span>\n\t\t\t\t<\/span>\n\t\t\t\t<span class=\"options-value\">\n\t\t\t\t\t1016 mb\t\t\t\t<\/span>\n\t\t\t<\/div>\n\t\t\t\t\t\t<!-- pressure area end -->\n\t\t\t<!-- wind area start -->\n\t\t\t\t\t\t<div class=\"splw-icon-wind\">\n\t\t\t\t<span class=\"lw-title-wrapper\">\n\t\t\t\t\t<span class=\"details-icon\" title=\"Wind\"><i class=\"splwp-icon-wind-1\"><\/i><\/span>\t\t\t\t\t<span class=\"options-title\"><\/span>\n\t\t\t\t<\/span>\n\t\t\t\t<span class=\"options-value\">\n\t\t\t\t\t2 mph\t\t\t\t<\/span>\n\t\t\t<\/div>\n\t\t\t\t\t\t<!-- wind area end -->\n\t\t\t\t\t\t\t<\/div>\n\t\t\t\t<!-- Wind guest area start -->\n\t\t\t\t<div class=\"splw-gusts-wind\">\n\t\t\t<span class=\"lw-title-wrapper\">\n\t\t\t\t<span class=\"details-icon\" title=\"Wind Gust\"><i class=\"splwp-icon-wind-gust-1\"><\/i><\/span>\t\t\t\t<span class=\"options-title\">Wind Gust:<\/span>\n\t\t\t<\/span>\n\t\t\t<span class=\"options-value\">\n\t\t\t\t0 mph\t\t\t<\/span>\n\t\t<\/div>\n\t\t\t\t<!-- Wind guest area end -->\n\t\t<!-- Clouds area start -->\n\t\t\t\t<div class=\"splw-clouds\">\n\t\t\t<span class=\"lw-title-wrapper\">\n\t\t\t\t<span class=\"details-icon\" title=\"Clouds\"><i class=\"splwp-icon-clouds-1\"><\/i><\/span>\t\t\t\t<span class=\"options-title\">Clouds:<\/span>\n\t\t\t<\/span>\n\t\t\t<span class=\"options-value\">0%<\/span>\n\t\t<\/div>\n\t\t\t\t<!-- Clouds area end -->\n\t\t<!-- Visibility area start -->\n\t\t\t\t<div class=\"splw-visibility\">\n\t\t\t<span class=\"lw-title-wrapper\">\n\t\t\t\t<span class=\"details-icon\" title=\"Visibility\"><i class=\"splwp-icon-visibility-1\"><\/i><\/span>\t\t\t\t<span class=\"options-title\">Visibility:<\/span>\n\t\t\t<\/span>\n\t\t\t<span class=\"options-value\">10 km<\/span>\n\t\t<\/div>\n\t\t\t\t<!-- Visibility area end -->\n\t\t\t\t<div class=\"splw-sunrise\">\n\t\t\t<span class=\"lw-title-wrapper\">\n\t\t\t\t<span class=\"details-icon\" title=\"Sunrise\"><i class=\"splwp-icon-sunrise-1\"><\/i><\/span>\n\t\t\t\t<span class=\"options-title\">Sunrise:<\/span>\n\t\t\t<\/span>\n\t\t\t<span class=\"options-value\">6:44 am<\/span>\n\t\t<\/div>\n\t\t<div class=\"splw-sunset\">\n\t\t\t<span class=\"lw-title-wrapper\">\n\t\t\t\t<span class=\"details-icon\" title=\"Sunset\"><i class=\"splwp-icon-sunset-1\"><\/i><\/span>\t\t\t\t<span class=\"options-title\">Sunset:<\/span>\n\t\t\t<\/span>\n\t\t\t<span class=\"options-value\">8:21 pm<\/span>\n\t\t<\/div>\n\t\t\t<\/div>\n<\/div>\n\t\t\t<\/div>\n\t\t\t\t<div class=\"splw-adv-forecast-days\">\n\t\t\t\n<div class=\"splw-forecast-header-area\">\n\t\t\t<div class=\"days\">\n\t\t\t<span class=\"hourly-forecast-title\">Hourly Forecast<\/span>\n\t\t<\/div>\n\t\t<div class=\"splw-forecast-weather\">\n\t\t\t<div class=\"lw-select-arrow\"><i class=\"splwp-icon-chevron\"><\/i><\/div>\n\t\t\t<select id=\"forecast-select\">\n\t\t\t\t\t\t\t\t\t\t<option value=\"temp\">\n\t\t\t\t\t\t\tTemperature\t\t\t\t\t\t<\/option>\n\t\t\t\t\t\t\t\t\t\t\t\t<option value=\"precipitation\">\n\t\t\t\t\t\t\tPrecipitation\t\t\t\t\t\t<\/option>\n\t\t\t\t\t\t\t\t\t\t\t\t<option value=\"rainchance\">\n\t\t\t\t\t\t\tRain Chance\t\t\t\t\t\t<\/option>\n\t\t\t\t\t\t\t\t\t\t\t\t<option value=\"wind\">\n\t\t\t\t\t\t\tWind\t\t\t\t\t\t<\/option>\n\t\t\t\t\t\t\t\t\t\t\t\t<option value=\"humidity\">\n\t\t\t\t\t\t\tHumidity\t\t\t\t\t\t<\/option>\n\t\t\t\t\t\t\t\t\t\t\t\t<option value=\"pressure\">\n\t\t\t\t\t\t\tPressure\t\t\t\t\t\t<\/option>\n\t\t\t\t\t\t\t\t\t<\/select>\n\t\t<\/div>\n\t<\/div>\n<div class=\"lw-forecast-wrapper\"><!-- Forecast details html area start -->\n<div class=\"splw-forecast\">\n\t<div class=\"splw-forecast-time\">\n\t\t<span class=\"lw-hourly-forecast-time\">5:00 p.m.<\/span>\t<\/div>\n\t<div class=\"splw-forecast-icons max\">\n\t\t<img loading=\"lazy\" decoding=\"async\" src=\"https:\/\/koeln-website.jjaramillo.i-gelb.dev\/wp-content\/plugins\/location-weather\/assets\/images\/icons\/weather-icons\/03d.svg\" class=\"splw-weather-icon\" alt=\"temperature icon\" width=\"50\" height=\"50\">\n\t<\/div>\n\t<div class=\"splw-weather-details\">\n\t\t<span id=\"temperature\" data-tab-content class=\"temp-min-mex active\">\n\t\t<span class=lw-low-temp><span class=\"low\">13<\/span><span class=\"low-scale\">\u00b0<\/span><\/span>\/<span class=lw-high-temp><span class=\"high\">14<\/span><span class=\"high-scale\">\u00b0<\/span><span class=\"temperature-scale\">\u00b0C<\/span><\/span>\t\t<\/span>\n\t\t<span id=\"precipitation\" data-tab-content class=\"temp-precipitation\">\n\t\t0 mm\t\t<\/span>\n\t\t<span id=\"rainchance\" data-tab-content class=\"temp-rainchance\">\n\t\t0%\t\t<\/span>\n\t\t<span id=\"wind\" data-tab-content class=\"temp-wind\">\n\t\t1 mph\t\t<\/span>\n\t\t<span id=\"humidity\" data-tab-content class=\"temp-humidity\">\n\t\t52%\t\t<\/span>\n\t\t<span id=\"pressure\" data-tab-content class=\"temp-pressure\">\n\t\t1016 mb\t\t<\/span>\n\t\t<span id=\"snow\" data-tab-content class=\"temp-snow\">\n\t\t0 mm\/h\t\t<\/span>\n\t<\/div>\n<\/div>\n<!-- End forecast details area -->\n\t\t<!-- Forecast details html area start -->\n<div class=\"splw-forecast\">\n\t<div class=\"splw-forecast-time\">\n\t\t<span class=\"lw-hourly-forecast-time\">8:00 p.m.<\/span>\t<\/div>\n\t<div class=\"splw-forecast-icons max\">\n\t\t<img loading=\"lazy\" decoding=\"async\" src=\"https:\/\/koeln-website.jjaramillo.i-gelb.dev\/wp-content\/plugins\/location-weather\/assets\/images\/icons\/weather-icons\/04d.svg\" class=\"splw-weather-icon\" alt=\"temperature icon\" width=\"50\" height=\"50\">\n\t<\/div>\n\t<div class=\"splw-weather-details\">\n\t\t<span id=\"temperature\" data-tab-content class=\"temp-min-mex active\">\n\t\t<span class=lw-low-temp><span class=\"low\">12<\/span><span class=\"low-scale\">\u00b0<\/span><\/span>\/<span class=lw-high-temp><span class=\"high\">12<\/span><span class=\"high-scale\">\u00b0<\/span><span class=\"temperature-scale\">\u00b0C<\/span><\/span>\t\t<\/span>\n\t\t<span id=\"precipitation\" data-tab-content class=\"temp-precipitation\">\n\t\t0 mm\t\t<\/span>\n\t\t<span id=\"rainchance\" data-tab-content class=\"temp-rainchance\">\n\t\t0%\t\t<\/span>\n\t\t<span id=\"wind\" data-tab-content class=\"temp-wind\">\n\t\t3 mph\t\t<\/span>\n\t\t<span id=\"humidity\" data-tab-content class=\"temp-humidity\">\n\t\t45%\t\t<\/span>\n\t\t<span id=\"pressure\" data-tab-content class=\"temp-pressure\">\n\t\t1015 mb\t\t<\/span>\n\t\t<span id=\"snow\" data-tab-content class=\"temp-snow\">\n\t\t0 mm\/h\t\t<\/span>\n\t<\/div>\n<\/div>\n<!-- End forecast details area -->\n\t\t<!-- Forecast details html area start -->\n<div class=\"splw-forecast\">\n\t<div class=\"splw-forecast-time\">\n\t\t<span class=\"lw-hourly-forecast-time\">11:00 p.m.<\/span>\t<\/div>\n\t<div class=\"splw-forecast-icons max\">\n\t\t<img loading=\"lazy\" decoding=\"async\" src=\"https:\/\/koeln-website.jjaramillo.i-gelb.dev\/wp-content\/plugins\/location-weather\/assets\/images\/icons\/weather-icons\/04n.svg\" class=\"splw-weather-icon\" alt=\"temperature icon\" width=\"50\" height=\"50\">\n\t<\/div>\n\t<div class=\"splw-weather-details\">\n\t\t<span id=\"temperature\" data-tab-content class=\"temp-min-mex active\">\n\t\t<span class=lw-low-temp><span class=\"low\">9<\/span><span class=\"low-scale\">\u00b0<\/span><\/span>\/<span class=lw-high-temp><span class=\"high\">9<\/span><span class=\"high-scale\">\u00b0<\/span><span class=\"temperature-scale\">\u00b0C<\/span><\/span>\t\t<\/span>\n\t\t<span id=\"precipitation\" data-tab-content class=\"temp-precipitation\">\n\t\t0 mm\t\t<\/span>\n\t\t<span id=\"rainchance\" data-tab-content class=\"temp-rainchance\">\n\t\t0%\t\t<\/span>\n\t\t<span id=\"wind\" data-tab-content class=\"temp-wind\">\n\t\t3 mph\t\t<\/span>\n\t\t<span id=\"humidity\" data-tab-content class=\"temp-humidity\">\n\t\t48%\t\t<\/span>\n\t\t<span id=\"pressure\" data-tab-content class=\"temp-pressure\">\n\t\t1015 mb\t\t<\/span>\n\t\t<span id=\"snow\" data-tab-content class=\"temp-snow\">\n\t\t0 mm\/h\t\t<\/span>\n\t<\/div>\n<\/div>\n<!-- End forecast details area -->\n\t\t<!-- Forecast details html area start -->\n<div class=\"splw-forecast\">\n\t<div class=\"splw-forecast-time\">\n\t\t<span class=\"lw-hourly-forecast-time\">2:00 a.m.<\/span>\t<\/div>\n\t<div class=\"splw-forecast-icons max\">\n\t\t<img loading=\"lazy\" decoding=\"async\" src=\"https:\/\/koeln-website.jjaramillo.i-gelb.dev\/wp-content\/plugins\/location-weather\/assets\/images\/icons\/weather-icons\/04n.svg\" class=\"splw-weather-icon\" alt=\"temperature icon\" width=\"50\" height=\"50\">\n\t<\/div>\n\t<div class=\"splw-weather-details\">\n\t\t<span id=\"temperature\" data-tab-content class=\"temp-min-mex active\">\n\t\t<span class=lw-low-temp><span class=\"low\">9<\/span><span class=\"low-scale\">\u00b0<\/span><\/span>\/<span class=lw-high-temp><span class=\"high\">9<\/span><span class=\"high-scale\">\u00b0<\/span><span class=\"temperature-scale\">\u00b0C<\/span><\/span>\t\t<\/span>\n\t\t<span id=\"precipitation\" data-tab-content class=\"temp-precipitation\">\n\t\t0 mm\t\t<\/span>\n\t\t<span id=\"rainchance\" data-tab-content class=\"temp-rainchance\">\n\t\t0%\t\t<\/span>\n\t\t<span id=\"wind\" data-tab-content class=\"temp-wind\">\n\t\t3 mph\t\t<\/span>\n\t\t<span id=\"humidity\" data-tab-content class=\"temp-humidity\">\n\t\t59%\t\t<\/span>\n\t\t<span id=\"pressure\" data-tab-content class=\"temp-pressure\">\n\t\t1015 mb\t\t<\/span>\n\t\t<span id=\"snow\" data-tab-content class=\"temp-snow\">\n\t\t0 mm\/h\t\t<\/span>\n\t<\/div>\n<\/div>\n<!-- End forecast details area -->\n\t\t<!-- Forecast details html area start -->\n<div class=\"splw-forecast\">\n\t<div class=\"splw-forecast-time\">\n\t\t<span class=\"lw-hourly-forecast-time\">5:00 a.m.<\/span>\t<\/div>\n\t<div class=\"splw-forecast-icons max\">\n\t\t<img loading=\"lazy\" decoding=\"async\" src=\"https:\/\/koeln-website.jjaramillo.i-gelb.dev\/wp-content\/plugins\/location-weather\/assets\/images\/icons\/weather-icons\/04n.svg\" class=\"splw-weather-icon\" alt=\"temperature icon\" width=\"50\" height=\"50\">\n\t<\/div>\n\t<div class=\"splw-weather-details\">\n\t\t<span id=\"temperature\" data-tab-content class=\"temp-min-mex active\">\n\t\t<span class=lw-low-temp><span class=\"low\">8<\/span><span class=\"low-scale\">\u00b0<\/span><\/span>\/<span class=lw-high-temp><span class=\"high\">8<\/span><span class=\"high-scale\">\u00b0<\/span><span class=\"temperature-scale\">\u00b0C<\/span><\/span>\t\t<\/span>\n\t\t<span id=\"precipitation\" data-tab-content class=\"temp-precipitation\">\n\t\t0 mm\t\t<\/span>\n\t\t<span id=\"rainchance\" data-tab-content class=\"temp-rainchance\">\n\t\t0%\t\t<\/span>\n\t\t<span id=\"wind\" data-tab-content class=\"temp-wind\">\n\t\t3 mph\t\t<\/span>\n\t\t<span id=\"humidity\" data-tab-content class=\"temp-humidity\">\n\t\t62%\t\t<\/span>\n\t\t<span id=\"pressure\" data-tab-content class=\"temp-pressure\">\n\t\t1014 mb\t\t<\/span>\n\t\t<span id=\"snow\" data-tab-content class=\"temp-snow\">\n\t\t0 mm\/h\t\t<\/span>\n\t<\/div>\n<\/div>\n<!-- End forecast details area -->\n\t\t<!-- Forecast details html area start -->\n<div class=\"splw-forecast\">\n\t<div class=\"splw-forecast-time\">\n\t\t<span class=\"lw-hourly-forecast-time\">8:00 a.m.<\/span>\t<\/div>\n\t<div class=\"splw-forecast-icons max\">\n\t\t<img loading=\"lazy\" decoding=\"async\" src=\"https:\/\/koeln-website.jjaramillo.i-gelb.dev\/wp-content\/plugins\/location-weather\/assets\/images\/icons\/weather-icons\/04d.svg\" class=\"splw-weather-icon\" alt=\"temperature icon\" width=\"50\" height=\"50\">\n\t<\/div>\n\t<div class=\"splw-weather-details\">\n\t\t<span id=\"temperature\" data-tab-content class=\"temp-min-mex active\">\n\t\t<span class=lw-low-temp><span class=\"low\">9<\/span><span class=\"low-scale\">\u00b0<\/span><\/span>\/<span class=lw-high-temp><span class=\"high\">9<\/span><span class=\"high-scale\">\u00b0<\/span><span class=\"temperature-scale\">\u00b0C<\/span><\/span>\t\t<\/span>\n\t\t<span id=\"precipitation\" data-tab-content class=\"temp-precipitation\">\n\t\t0 mm\t\t<\/span>\n\t\t<span id=\"rainchance\" data-tab-content class=\"temp-rainchance\">\n\t\t0%\t\t<\/span>\n\t\t<span id=\"wind\" data-tab-content class=\"temp-wind\">\n\t\t2 mph\t\t<\/span>\n\t\t<span id=\"humidity\" data-tab-content class=\"temp-humidity\">\n\t\t64%\t\t<\/span>\n\t\t<span id=\"pressure\" data-tab-content class=\"temp-pressure\">\n\t\t1013 mb\t\t<\/span>\n\t\t<span id=\"snow\" data-tab-content class=\"temp-snow\">\n\t\t0 mm\/h\t\t<\/span>\n\t<\/div>\n<\/div>\n<!-- End forecast details area -->\n\t\t<!-- Forecast details html area start -->\n<div class=\"splw-forecast\">\n\t<div class=\"splw-forecast-time\">\n\t\t<span class=\"lw-hourly-forecast-time\">11:00 a.m.<\/span>\t<\/div>\n\t<div class=\"splw-forecast-icons max\">\n\t\t<img loading=\"lazy\" decoding=\"async\" src=\"https:\/\/koeln-website.jjaramillo.i-gelb.dev\/wp-content\/plugins\/location-weather\/assets\/images\/icons\/weather-icons\/04d.svg\" class=\"splw-weather-icon\" alt=\"temperature icon\" width=\"50\" height=\"50\">\n\t<\/div>\n\t<div class=\"splw-weather-details\">\n\t\t<span id=\"temperature\" data-tab-content class=\"temp-min-mex active\">\n\t\t<span class=lw-low-temp><span class=\"low\">12<\/span><span class=\"low-scale\">\u00b0<\/span><\/span>\/<span class=lw-high-temp><span class=\"high\">12<\/span><span class=\"high-scale\">\u00b0<\/span><span class=\"temperature-scale\">\u00b0C<\/span><\/span>\t\t<\/span>\n\t\t<span id=\"precipitation\" data-tab-content class=\"temp-precipitation\">\n\t\t0 mm\t\t<\/span>\n\t\t<span id=\"rainchance\" data-tab-content class=\"temp-rainchance\">\n\t\t0%\t\t<\/span>\n\t\t<span id=\"wind\" data-tab-content class=\"temp-wind\">\n\t\t5 mph\t\t<\/span>\n\t\t<span id=\"humidity\" data-tab-content class=\"temp-humidity\">\n\t\t57%\t\t<\/span>\n\t\t<span id=\"pressure\" data-tab-content class=\"temp-pressure\">\n\t\t1013 mb\t\t<\/span>\n\t\t<span id=\"snow\" data-tab-content class=\"temp-snow\">\n\t\t0 mm\/h\t\t<\/span>\n\t<\/div>\n<\/div>\n<!-- End forecast details area -->\n\t\t<!-- Forecast details html area start -->\n<div class=\"splw-forecast\">\n\t<div class=\"splw-forecast-time\">\n\t\t<span class=\"lw-hourly-forecast-time\">2:00 p.m.<\/span>\t<\/div>\n\t<div class=\"splw-forecast-icons max\">\n\t\t<img loading=\"lazy\" decoding=\"async\" src=\"https:\/\/koeln-website.jjaramillo.i-gelb.dev\/wp-content\/plugins\/location-weather\/assets\/images\/icons\/weather-icons\/04d.svg\" class=\"splw-weather-icon\" alt=\"temperature icon\" width=\"50\" height=\"50\">\n\t<\/div>\n\t<div class=\"splw-weather-details\">\n\t\t<span id=\"temperature\" data-tab-content class=\"temp-min-mex active\">\n\t\t<span class=lw-low-temp><span class=\"low\">11<\/span><span class=\"low-scale\">\u00b0<\/span><\/span>\/<span class=lw-high-temp><span class=\"high\">11<\/span><span class=\"high-scale\">\u00b0<\/span><span class=\"temperature-scale\">\u00b0C<\/span><\/span>\t\t<\/span>\n\t\t<span id=\"precipitation\" data-tab-content class=\"temp-precipitation\">\n\t\t0 mm\t\t<\/span>\n\t\t<span id=\"rainchance\" data-tab-content class=\"temp-rainchance\">\n\t\t0%\t\t<\/span>\n\t\t<span id=\"wind\" data-tab-content class=\"temp-wind\">\n\t\t3 mph\t\t<\/span>\n\t\t<span id=\"humidity\" data-tab-content class=\"temp-humidity\">\n\t\t64%\t\t<\/span>\n\t\t<span id=\"pressure\" data-tab-content class=\"temp-pressure\">\n\t\t1012 mb\t\t<\/span>\n\t\t<span id=\"snow\" data-tab-content class=\"temp-snow\">\n\t\t0 mm\/h\t\t<\/span>\n\t<\/div>\n<\/div>\n<!-- End forecast details area -->\n\t\t<\/div>\t\t<\/div>\n\t\t\t\t<!-- weather detailed and updated html area start -->\n\t<div class=\"lw-footer\">\n\t<!-- weather detailed and updated html area end -->\n<!-- weather attribute html area start -->\n\t\t<div class=\"splw-weather-attribution\">\n\t\t\t\t\tWeather from OpenWeatherMap\t\t\t<\/div>\n<!-- weather attribute html area end -->\n<\/div>\n<!-- weather attribute html area end -->\n\t<\/div>\n<\/div>\n\n\n\n\n<p>K\u00f6ln ist mit \u00fcber einer Million Einwohnern die gr\u00f6\u00dfte Stadt Nordrhein-Westfalens und die viertgr\u00f6\u00dfte Stadt Deutschlands. Die Stadt am Rhein blickt auf eine \u00fcber 2000-j\u00e4hrige Geschichte zur\u00fcck und ist bekannt f\u00fcr ihre lebendige Kultur, rheinische Lebensfreude und weltber\u00fchmte Sehensw\u00fcrdigkeiten.<\/p>\n\n\n\n<h2 class=\"wp-block-heading\">Der K\u00f6lner Dom<\/h2>\n\n\n\n<p>Der K\u00f6lner Dom ist das Wahrzeichen der Stadt und eines der beeindruckendsten gotischen Bauwerke der Welt. Mit seinen 157 Metern hohen T\u00fcrmen war er von 1880 bis 1884 das h\u00f6chste Geb\u00e4ude der Welt. Der Bau begann 1248 und wurde erst 1880 vollendet \u2013 \u00fcber 600 Jahre Bauzeit! Seit 1996 geh\u00f6rt der Dom zum UNESCO-Weltkulturerbe. J\u00e4hrlich besuchen etwa 6 Millionen Menschen dieses architektonische Meisterwerk.<\/p>\n\n\n\n<h2 class=\"wp-block-heading\">Die Altstadt<\/h2>\n\n\n\n<p>Die K\u00f6lner Altstadt l\u00e4dt mit ihren engen Gassen, historischen Brauh\u00e4usern und gem\u00fctlichen Pl\u00e4tzen zum Verweilen ein. Hier kann man das echte K\u00f6lner Lebensgef\u00fchl erleben: Ein frisch gezapftes K\u00f6lsch genie\u00dfen, dazu &#8222;Halve Hahn&#8220; oder &#8222;Himmel un \u00c4\u00e4d&#8220; probieren. Die Altstadt wurde im Zweiten Weltkrieg stark zerst\u00f6rt, aber liebevoll wieder aufgebaut und verbindet heute historischen Charme mit modernem Stadtleben.<\/p>\n\n\n\n<h2 class=\"wp-block-heading\">K\u00f6lner Karneval<\/h2>\n\n\n\n<p>Der K\u00f6lner Karneval, auch &#8222;die f\u00fcnfte Jahreszeit&#8220; genannt, ist weltber\u00fchmt. Er beginnt jedes Jahr am 11.11. um 11:11 Uhr und erreicht seinen H\u00f6hepunkt in der Karnevalswoche vor Aschermittwoch. Weiberfastnacht, Karnevalssamstag, Rosenmontagszug und Nubbelverbrennung \u2013 Millionen Menschen feiern ausgelassen auf den Stra\u00dfen. Der traditionelle Gru\u00df &#8222;K\u00f6lle Alaaf!&#8220; hallt durch die ganze Stadt.<\/p>\n\n\n\n<h2 class=\"wp-block-heading\">Das Rheinufer<\/h2>\n\n\n\n<p>Der Rhein ist die Lebensader K\u00f6lns. Die Rheinpromenade bietet einen herrlichen Blick auf den Dom und die historische Altstadt. Besonders sch\u00f6n ist ein Spaziergang bei Sonnenuntergang, wenn die Hohenzollernbr\u00fccke mit ihren tausenden Liebesschl\u00f6ssern im goldenen Licht erstrahlt. Im Sommer tummeln sich Einheimische und Touristen an den Rheinwiesen, und Ausflugsschiffe laden zu romantischen Fahrten ein.<\/p>\n\n\n\n<p><strong>K\u00f6ln \u2013 eine Stadt, die man erlebt haben muss!<\/strong><\/p>\n","protected":false},"excerpt":{"rendered":"<p>Willkommen in K\u00f6ln K\u00f6ln ist mit \u00fcber einer Million Einwohnern die gr\u00f6\u00dfte Stadt Nordrhein-Westfalens und die viertgr\u00f6\u00dfte Stadt Deutschlands. Die Stadt am Rhein blickt auf eine \u00fcber 2000-j\u00e4hrige Geschichte zur\u00fcck und ist bekannt f\u00fcr ihre lebendige Kultur, rheinische Lebensfreude und weltber\u00fchmte Sehensw\u00fcrdigkeiten. Der K\u00f6lner Dom Der K\u00f6lner Dom ist das Wahrzeichen der Stadt und eines [&hellip;]<\/p>\n","protected":false},"author":0,"featured_media":0,"parent":0,"menu_order":0,"comment_status":"closed","ping_status":"closed","template":"","meta":{"footnotes":""},"class_list":["post-4","page","type-page","status-publish","hentry"],"_links":{"self":[{"href":"https:\/\/koeln-website.jjaramillo.i-gelb.dev\/index.php?rest_route=\/wp\/v2\/pages\/4","targetHints":{"allow":["GET"]}}],"collection":[{"href":"https:\/\/koeln-website.jjaramillo.i-gelb.dev\/index.php?rest_route=\/wp\/v2\/pages"}],"about":[{"href":"https:\/\/koeln-website.jjaramillo.i-gelb.dev\/index.php?rest_route=\/wp\/v2\/types\/page"}],"replies":[{"embeddable":true,"href":"https:\/\/koeln-website.jjaramillo.i-gelb.dev\/index.php?rest_route=%2Fwp%2Fv2%2Fcomments&post=4"}],"version-history":[{"count":2,"href":"https:\/\/koeln-website.jjaramillo.i-gelb.dev\/index.php?rest_route=\/wp\/v2\/pages\/4\/revisions"}],"predecessor-version":[{"id":10,"href":"https:\/\/koeln-website.jjaramillo.i-gelb.dev\/index.php?rest_route=\/wp\/v2\/pages\/4\/revisions\/10"}],"wp:attachment":[{"href":"https:\/\/koeln-website.jjaramillo.i-gelb.dev\/index.php?rest_route=%2Fwp%2Fv2%2Fmedia&parent=4"}],"curies":[{"name":"wp","href":"https:\/\/api.w.org\/{rel}","templated":true}]}}